{"id":20,"date":"2016-05-10T11:56:23","date_gmt":"2016-05-10T11:56:23","guid":{"rendered":"http:\/\/themes.webdevia.com\/factory\/?page_id=20"},"modified":"2024-08-06T09:41:16","modified_gmt":"2024-08-06T09:41:16","slug":"contact","status":"publish","type":"page","link":"https:\/\/nexuspublicidade.pt\/index.php\/contact\/","title":{"rendered":"Contactos"},"content":{"rendered":"<div data-vc-full-width=\"true\" data-vc-full-width-init=\"false\" class=\"vc_row wpb_row vc_row-fluid\"><div class=\"wpb_column vc_column_container vc_col-sm-4\" data-equalizer-watch><div class=\"wpb_wrapper\">\r    \r\r    <div class=\"boxes small layout-1 clearfix \">\r\r      <div class=\"box-container clearfix\">\r\r\r\r        \r          \r          <div class=\"box-icon\">\r\r          \r            \r            <img loading=\"lazy\" decoding=\"async\" width=\"24\" height=\"41\" src=\"https:\/\/nexuspublicidade.pt\/wp-content\/uploads\/2016\/05\/phone.png\" class=\"attachment-revaldak_650x350\" alt=\"\" title=\"phone\" \/>\r          <\/div>\r\r          \r        \r        \r          <h3 class=\"box-title-1\">Telefone<\/h3>\r\r        \r        <p class=\"box-body\">232 112 583<\/p>\n<h6>(Chamada para a rede fixa nacional)<\/h6>\n<p>927 863 391<\/p>\n<h6>(Chamada para a rede m\u00f3vel nacional)<\/h6>\n<p><\/p>\r\r        \r      <\/div>    \r\r    <\/div>      \r\r      \r\r    <\/div><\/div><div class=\"wpb_column vc_column_container vc_col-sm-4\" data-equalizer-watch><div class=\"wpb_wrapper\">\r    \r\r    <div class=\"boxes small layout-1 clearfix \">\r\r      <div class=\"box-container clearfix\">\r\r\r\r        \r          \r          <div class=\"box-icon\">\r\r          \r            \r            <img loading=\"lazy\" decoding=\"async\" width=\"30\" height=\"41\" src=\"https:\/\/nexuspublicidade.pt\/wp-content\/uploads\/2016\/05\/location.png\" class=\"attachment-revaldak_650x350\" alt=\"\" title=\"location\" \/>\r          <\/div>\r\r          \r        \r        \r          <h3 class=\"box-title-1\">Morada<\/h3>\r\r        \r        <p class=\"box-body\"><strong>Loja<\/strong><br \/>\nRua Padre Costa, n\u00ba18 - Loja 20<br \/>\n3510-063 | Viseu<\/p>\n<p><strong>Armaz\u00e9m<\/strong><br \/>\nRua dos Her\u00f3is lusitanos, n\u00ba 13<br \/>\n3510-233 | Viseu<\/p>\r\r        \r      <\/div>    \r\r    <\/div>      \r\r      \r\r    <\/div><\/div><div class=\"wpb_column vc_column_container vc_col-sm-4\" data-equalizer-watch><div class=\"wpb_wrapper\">\r    \r\r    <div class=\"boxes small layout-1 clearfix last-box\">\r\r      <div class=\"box-container clearfix\">\r\r\r\r        \r          \r          <div class=\"box-icon\">\r\r          \r            \r            <img loading=\"lazy\" decoding=\"async\" width=\"42\" height=\"31\" src=\"https:\/\/nexuspublicidade.pt\/wp-content\/uploads\/2016\/05\/email.png\" class=\"attachment-revaldak_650x350\" alt=\"\" title=\"email\" \/>\r          <\/div>\r\r          \r        \r        \r          <h3 class=\"box-title-1\">Email<\/h3>\r\r        \r        <p class=\"box-body\">loja@nexuspublicidade.pt<\/p>\r\r        \r      <\/div>    \r\r    <\/div>      \r\r      \r\r    <\/div><\/div><\/div><div class=\"vc_row-full-width vc_clearfix\"><\/div><div data-vc-full-width=\"true\" data-vc-full-width-init=\"false\" class=\"vc_row wpb_row vc_row-fluid vc_custom_1515504372493 vc_row-has-fill\"><div class=\"wpb_column vc_column_container vc_col-sm-2\" data-equalizer-watch><div class=\"wpb_wrapper\"><\/div><\/div><div class=\"wpb_column vc_column_container vc_col-sm-8\" data-equalizer-watch><div class=\"wpb_wrapper\">\t\t<div class=\"wd-heading   text-center\" >\r\t\t\t\r      \r      <h2 style=\"margin:0;font-size:35px;\" >\r\t\t\t\t\tEstamos em contacto\t\t\t\t<\/h2>\r\r              <hr style='border-color: #49d0e5; margin: 10px 0;'\/>\r              <p style=\"\" >\r\t\t\t\t\tPe\u00e7a-nos a sua cota\u00e7\u00e3o, respondemos com a m\u00e1xima brevidade.\t\t\t\t<\/p>\r      \r      \r    \t\t<\/div>\r\r\t\t\r\r\r\r\r<div class=\"revaldak_empty_space\" data-heightmobile=\"20\" data-heighttablet=\"30\" data-heightdesktop=\"50\">\r\r\r\r<\/div>\r\r      \r\r\r\r\r\r\r\r        \r\r      \r\r    <\/div><\/div><div class=\"wpb_column vc_column_container vc_col-sm-2\" data-equalizer-watch><div class=\"wpb_wrapper\"><\/div><\/div><\/div><div class=\"vc_row-full-width vc_clearfix\"><\/div><div data-vc-full-width=\"true\" data-vc-full-width-init=\"false\" class=\"vc_row wpb_row vc_row-fluid border-map vc_custom_1516021582539 vc_row-has-fill vc_column-gap-15\"><div class=\"wpb_column vc_column_container vc_col-sm-6\" data-equalizer-watch><div class=\"wpb_wrapper\">\n<div class=\"wpcf7 no-js\" id=\"wpcf7-f4-o1\" lang=\"en-US\" dir=\"ltr\">\n<div class=\"screen-reader-response\"><p role=\"status\" aria-live=\"polite\" aria-atomic=\"true\"><\/p> <ul><\/ul><\/div>\n<form action=\"\/index.php\/wp-json\/wp\/v2\/pages\/20#wpcf7-f4-o1\" method=\"post\" class=\"wpcf7-form init\" aria-label=\"Contact form\" novalidate=\"novalidate\" data-status=\"init\">\n<div style=\"display: none;\">\n<input type=\"hidden\" name=\"_wpcf7\" value=\"4\" \/>\n<input type=\"hidden\" name=\"_wpcf7_version\" value=\"5.8\" \/>\n<input type=\"hidden\" name=\"_wpcf7_locale\" value=\"en_US\" \/>\n<input type=\"hidden\" name=\"_wpcf7_unit_tag\" value=\"wpcf7-f4-o1\" \/>\n<input type=\"hidden\" name=\"_wpcf7_container_post\" value=\"0\" \/>\n<input type=\"hidden\" name=\"_wpcf7_posted_data_hash\" value=\"\" \/>\n<input type=\"hidden\" name=\"_wpcf7_recaptcha_response\" value=\"\" \/>\n<\/div>\n<div class=\"row\">\n\t<div class=\"large-6 columns\">\n\t\t<p><span class=\"wpcf7-form-control-wrap\" data-name=\"text-220\"><input size=\"40\" class=\"wpcf7-form-control wpcf7-text wpcf7-validates-as-required\" aria-required=\"true\" aria-invalid=\"false\" placeholder=\"Assunto\" value=\"\" type=\"text\" name=\"text-220\" \/><\/span>\n\t\t<\/p>\n\t<\/div>\n\t<div class=\"large-6 columns\">\n\t\t<p><span class=\"wpcf7-form-control-wrap\" data-name=\"text-767\"><input size=\"40\" class=\"wpcf7-form-control wpcf7-text wpcf7-validates-as-required\" aria-required=\"true\" aria-invalid=\"false\" placeholder=\"Nome\" value=\"\" type=\"text\" name=\"text-767\" \/><\/span>\n\t\t<\/p>\n\t<\/div>\n\t<div class=\"large-6 columns\">\n\t\t<p><span class=\"wpcf7-form-control-wrap\" data-name=\"telefone\"><input class=\"wpcf7-form-control wpcf7-number wpcf7-validates-as-number\" aria-invalid=\"false\" placeholder=\"Telefone\" value=\"\" type=\"number\" name=\"telefone\" \/><\/span>\n\t\t<\/p>\n\t<\/div>\n\t<div class=\"large-6 columns\">\n\t\t<p><span class=\"wpcf7-form-control-wrap\" data-name=\"text-767\"><input size=\"40\" class=\"wpcf7-form-control wpcf7-text wpcf7-validates-as-required\" aria-required=\"true\" aria-invalid=\"false\" placeholder=\"Your email\" value=\"\" type=\"text\" name=\"text-767\" \/><\/span>\n\t\t<\/p>\n\t<\/div>\n\t<div class=\"large-12 columns\">\n\t\t<p><button type=\"submit\" class=\"contact-form-btn\">Enviar<\/button>\n\t\t<\/p>\n\t<\/div>\n<\/div><p style=\"display: none !important;\"><label>\u0394<textarea name=\"_wpcf7_ak_hp_textarea\" cols=\"45\" rows=\"8\" maxlength=\"100\"><\/textarea><\/label><input type=\"hidden\" id=\"ak_js_1\" name=\"_wpcf7_ak_js\" value=\"146\"\/><script>document.getElementById( \"ak_js_1\" ).setAttribute( \"value\", ( new Date() ).getTime() );<\/script><\/p><div class=\"wpcf7-response-output\" aria-hidden=\"true\"><\/div>\n<\/form>\n<\/div>\n<\/div><\/div><div class=\"wpb_column vc_column_container vc_col-sm-6\" data-equalizer-watch><div class=\"wpb_wrapper\"><div class=\"wpb_gmaps_widget wpb_content_element\"><div class=\"wpb_wrapper\"><div class=\"wpb_map_wraper\"><iframe src=\"https:\/\/www.google.com\/maps\/embed?pb=!1m18!1m12!1m3!1d453.9077304867098!2d-7.9154381684035!3d40.68667100685713!2m3!1f0!2f0!3f0!3m2!1i1024!2i768!4f13.1!3m3!1m2!1s0xd23378f6902c3bb%3A0xd9c5f109fc6d123c!2sNEXUS%20Design!5e0!3m2!1spt-PT!2spt!4v1653515824711!5m2!1spt-PT!2spt\" width=\"600\" height=\"300\" style=\"border:0;\" allowfullscreen=\"\" loading=\"lazy\" referrerpolicy=\"no-referrer-when-downgrade\"><\/iframe><\/div><\/div><\/div><\/div><\/div><\/div><div class=\"vc_row-full-width vc_clearfix\"><\/div>\n","protected":false},"excerpt":{"rendered":"Telefone 232 112 583 (Chamada para a rede fixa nacional) 927 863 391 (Chamada para a rede m\u00f3vel nacional) Morada Loja Rua Padre Costa, n\u00ba18 - Loja 20 3510-063 | Viseu Armaz\u00e9m Rua dos Her\u00f3is lusitanos, n\u00ba 13 3510-233 | Viseu Email loja@nexuspublicidade.pt Estamos em contacto Pe\u00e7a-nos a sua cota\u00e7\u00e3o, respondemos com a m\u00e1xima brevidade. [...]","protected":false},"author":1,"featured_media":0,"parent":0,"menu_order":0,"comment_status":"closed","ping_status":"closed","template":"","meta":{"footnotes":""},"class_list":["post-20","page","type-page","status-publish","hentry"],"_links":{"self":[{"href":"https:\/\/nexuspublicidade.pt\/index.php\/wp-json\/wp\/v2\/pages\/20","targetHints":{"allow":["GET"]}}],"collection":[{"href":"https:\/\/nexuspublicidade.pt\/index.php\/wp-json\/wp\/v2\/pages"}],"about":[{"href":"https:\/\/nexuspublicidade.pt\/index.php\/wp-json\/wp\/v2\/types\/page"}],"author":[{"embeddable":true,"href":"https:\/\/nexuspublicidade.pt\/index.php\/wp-json\/wp\/v2\/users\/1"}],"replies":[{"embeddable":true,"href":"https:\/\/nexuspublicidade.pt\/index.php\/wp-json\/wp\/v2\/comments?post=20"}],"version-history":[{"count":16,"href":"https:\/\/nexuspublicidade.pt\/index.php\/wp-json\/wp\/v2\/pages\/20\/revisions"}],"predecessor-version":[{"id":3417,"href":"https:\/\/nexuspublicidade.pt\/index.php\/wp-json\/wp\/v2\/pages\/20\/revisions\/3417"}],"wp:attachment":[{"href":"https:\/\/nexuspublicidade.pt\/index.php\/wp-json\/wp\/v2\/media?parent=20"}],"curies":[{"name":"wp","href":"https:\/\/api.w.org\/{rel}","templated":true}]}}