{"id":22,"date":"2016-05-10T11:56:43","date_gmt":"2016-05-10T11:56:43","guid":{"rendered":"http:\/\/themes.webdevia.com\/factory\/?page_id=22"},"modified":"2022-05-25T13:51:13","modified_gmt":"2022-05-25T13:51:13","slug":"about","status":"publish","type":"page","link":"https:\/\/nexuspublicidade.pt\/index.php\/about\/","title":{"rendered":"Sobre n\u00f3s"},"content":{"rendered":"<div class=\"vc_row wpb_row vc_row-fluid vc_row-o-content-middle vc_row-flex\"><div class=\"wpb_column vc_column_container vc_col-sm-4\" data-equalizer-watch><div class=\"wpb_wrapper\">\n\t<div  class=\"wpb_single_image wpb_content_element vc_align_left\">\n\t\t\n\t\t<figure class=\"wpb_wrapper vc_figure\">\n\t\t\t<div class=\"vc_single_image-wrapper   vc_box_border_grey\"><img loading=\"lazy\" decoding=\"async\" width=\"300\" height=\"200\" src=\"https:\/\/nexuspublicidade.pt\/wp-content\/uploads\/2022\/05\/CNC-300x200.png\" class=\"vc_single_image-img attachment-medium\" alt=\"\" title=\"CNC\" srcset=\"https:\/\/nexuspublicidade.pt\/wp-content\/uploads\/2022\/05\/CNC-300x200.png 300w, https:\/\/nexuspublicidade.pt\/wp-content\/uploads\/2022\/05\/CNC-1024x683.png 1024w, https:\/\/nexuspublicidade.pt\/wp-content\/uploads\/2022\/05\/CNC-768x512.png 768w, https:\/\/nexuspublicidade.pt\/wp-content\/uploads\/2022\/05\/CNC-1536x1024.png 1536w, https:\/\/nexuspublicidade.pt\/wp-content\/uploads\/2022\/05\/CNC.png 1920w\" sizes=\"auto, (max-width: 300px) 100vw, 300px\" \/><\/div>\n\t\t<\/figure>\n\t<\/div>\n<\/div><\/div><div class=\"wpb_column vc_column_container vc_col-sm-4 vc_hidden-xs\" data-equalizer-watch><div class=\"wpb_wrapper\">\n\t<div  class=\"wpb_single_image wpb_content_element vc_align_left\">\n\t\t\n\t\t<figure class=\"wpb_wrapper vc_figure\">\n\t\t\t<div class=\"vc_single_image-wrapper   vc_box_border_grey\"><img loading=\"lazy\" decoding=\"async\" width=\"300\" height=\"220\" src=\"https:\/\/nexuspublicidade.pt\/wp-content\/uploads\/2022\/05\/ABOUT-3-300x220.png\" class=\"vc_single_image-img attachment-medium\" alt=\"\" title=\"ABOUT 3\" srcset=\"https:\/\/nexuspublicidade.pt\/wp-content\/uploads\/2022\/05\/ABOUT-3-300x220.png 300w, https:\/\/nexuspublicidade.pt\/wp-content\/uploads\/2022\/05\/ABOUT-3-768x562.png 768w, https:\/\/nexuspublicidade.pt\/wp-content\/uploads\/2022\/05\/ABOUT-3.png 940w\" sizes=\"auto, (max-width: 300px) 100vw, 300px\" \/><\/div>\n\t\t<\/figure>\n\t<\/div>\n<\/div><\/div><div class=\"wpb_column vc_column_container vc_col-sm-4 vc_hidden-xs\" data-equalizer-watch><div class=\"wpb_wrapper\">\n\t<div  class=\"wpb_single_image wpb_content_element vc_align_left\">\n\t\t\n\t\t<figure class=\"wpb_wrapper vc_figure\">\n\t\t\t<div class=\"vc_single_image-wrapper   vc_box_border_grey\"><img loading=\"lazy\" decoding=\"async\" width=\"300\" height=\"150\" src=\"https:\/\/nexuspublicidade.pt\/wp-content\/uploads\/2022\/05\/ABOUT-2-300x150.png\" class=\"vc_single_image-img attachment-medium\" alt=\"\" title=\"ABOUT 2\" srcset=\"https:\/\/nexuspublicidade.pt\/wp-content\/uploads\/2022\/05\/ABOUT-2-300x150.png 300w, https:\/\/nexuspublicidade.pt\/wp-content\/uploads\/2022\/05\/ABOUT-2-1024x514.png 1024w, https:\/\/nexuspublicidade.pt\/wp-content\/uploads\/2022\/05\/ABOUT-2-768x385.png 768w, https:\/\/nexuspublicidade.pt\/wp-content\/uploads\/2022\/05\/ABOUT-2-1536x770.png 1536w, https:\/\/nexuspublicidade.pt\/wp-content\/uploads\/2022\/05\/ABOUT-2.png 2014w\" sizes=\"auto, (max-width: 300px) 100vw, 300px\" \/><\/div>\n\t\t<\/figure>\n\t<\/div>\n<\/div><\/div><\/div><div class=\"vc_row wpb_row vc_row-fluid\"><div class=\"wpb_column vc_column_container vc_col-sm-12\" data-equalizer-watch><div class=\"wpb_wrapper\">\r\r\r\r\r<div class=\"revaldak_empty_space\" data-heightmobile=\"10\" data-heighttablet=\"20\" data-heightdesktop=\"50\">\r\r\r\r<\/div>\r\r      \r\r\r\r\r\r\r\r        \r\r      \r\r    <div class=\"vc_row wpb_row vc_inner vc_row-fluid\"><div class=\"wpb_column vc_column_container vc_col-sm-2\" data-equalizer-watch><div class=\"wpb_wrapper\"><\/div><\/div><div class=\"wpb_column vc_column_container vc_col-sm-8\" data-equalizer-watch><div class=\"wpb_wrapper\">\n\t<div class=\"wpb_text_column wpb_content_element  about-us-text-block\" >\n\t\t<div class=\"wpb_wrapper\">\n\t\t\t<p style=\"text-align: center;\"><b>Habilitados para produ\u00e7\u00e3o publicidade em todo o tipo de suportes:<\/b><\/p>\n<p style=\"text-align: center;\">Os nossos equipamentos de \u00faltima gera\u00e7\u00e3o permitem trabalhar com os mais diversos materiais, em grandes quantidades e com elevada qualidade e rapidez.<\/p>\n<p style=\"text-align: center;\">Criamos desde um simples logotipo at\u00e9 a campanha publicit\u00e1ria do seu neg\u00f3cio, tudo de maneira integrada resultando na divulga\u00e7\u00e3o da sua empresa e a sua diferencia\u00e7\u00e3o no mercado.<\/p>\n<p style=\"text-align: center;\">Impress\u00e3o Digital de Grande Formato e Impress\u00e3o UV, Decora\u00e7\u00e3o de Montras, Viaturas, Autocolantes, Papel de parede, Etiquetas, Roll-ups, X-Banners, Decora\u00e7\u00e3o de Frotas de Ligeiros e Pesados, Pel\u00edculas Solares, Suportes impressos para Reclamos Luminosos, Brindes personalizados publicit\u00e1rios , Estampagens, Placas, Chapas, Impress\u00e3o em Tela para Edif\u00edcios, Lonas, Suportes para totems com luz, Cartazes, Sinal\u00e9tica Interior\/Exterior, Impress\u00e3o Digital em Vinil Autocolante e Telas para Outdoors, Displays, Expositores, Stands, Cria\u00e7\u00e3o de Logotipos, M\u00e1scaras para Pintura em pavimentos e Recintos Desportivos, Cart\u00f5es de Visita, Flyers, Panfletos para Distribui\u00e7\u00e3o, Telas Canvas, Vinil para Toldes, Acr\u00edlicos, Pvc, K-line e Alveolar; destacam-se entre um conjunto t\u00e3o vasto de outras tantas solu\u00e7\u00f5es em publicidade.<\/p>\n\n\t\t<\/div>\n\t<\/div>\n<\/div><\/div><div class=\"wpb_column vc_column_container vc_col-sm-2\" data-equalizer-watch><div class=\"wpb_wrapper\"><\/div><\/div><\/div>\r\r\r\r\r<div class=\"revaldak_empty_space\" data-heightmobile=\"20\" data-heighttablet=\"40\" data-heightdesktop=\"70\">\r\r\r\r<\/div>\r\r      \r\r\r\r\r\r\r\r        \r\r      \r\r    <\/div><\/div><\/div><div data-vc-full-width=\"true\" data-vc-full-width-init=\"false\" class=\"vc_row wpb_row vc_row-fluid vc_custom_1516021801600 vc_row-has-fill vc_column-gap-35\"><div class=\"wpb_column vc_column_container vc_col-sm-4\" data-equalizer-watch><div class=\"wpb_wrapper\">\t\t<div class=\"wd-heading   text-left\" >\r\t\t\t\r      \r      <h2 style=\"margin:0;font-size:40px;color:#ffffff;\" >\r\t\t\t\t\tEstamos em contacto\t\t\t\t<\/h2>\r\r              <hr style='border-color: #49d0e5; margin: 20px 0;'\/>\r              <p style=\"font-size:16px;color:#ffffff;line-height:30px;\" >\r\t\t\t\t\tPe\u00e7a-nos a sua cota\u00e7\u00e3o, respondemos com a m\u00e1xima brevidade\t\t\t\t<\/p>\r      \r      \r    \t\t<\/div>\r\r\t\t<\/div><\/div><div class=\"wpb_column vc_column_container vc_col-sm-8\" data-equalizer-watch><div class=\"wpb_wrapper\">\n<div class=\"wpcf7 no-js\" id=\"wpcf7-f4-o1\" lang=\"en-US\" dir=\"ltr\">\n<div class=\"screen-reader-response\"><p role=\"status\" aria-live=\"polite\" aria-atomic=\"true\"><\/p> <ul><\/ul><\/div>\n<form action=\"\/index.php\/wp-json\/wp\/v2\/pages\/22#wpcf7-f4-o1\" method=\"post\" class=\"wpcf7-form init\" aria-label=\"Contact form\" novalidate=\"novalidate\" data-status=\"init\">\n<div style=\"display: none;\">\n<input type=\"hidden\" name=\"_wpcf7\" value=\"4\" \/>\n<input type=\"hidden\" name=\"_wpcf7_version\" value=\"5.8\" \/>\n<input type=\"hidden\" name=\"_wpcf7_locale\" value=\"en_US\" \/>\n<input type=\"hidden\" name=\"_wpcf7_unit_tag\" value=\"wpcf7-f4-o1\" \/>\n<input type=\"hidden\" name=\"_wpcf7_container_post\" value=\"0\" \/>\n<input type=\"hidden\" name=\"_wpcf7_posted_data_hash\" value=\"\" \/>\n<input type=\"hidden\" name=\"_wpcf7_recaptcha_response\" value=\"\" \/>\n<\/div>\n<div class=\"row\">\n\t<div class=\"large-6 columns\">\n\t\t<p><span class=\"wpcf7-form-control-wrap\" data-name=\"text-220\"><input size=\"40\" class=\"wpcf7-form-control wpcf7-text wpcf7-validates-as-required\" aria-required=\"true\" aria-invalid=\"false\" placeholder=\"Assunto\" value=\"\" type=\"text\" name=\"text-220\" \/><\/span>\n\t\t<\/p>\n\t<\/div>\n\t<div class=\"large-6 columns\">\n\t\t<p><span class=\"wpcf7-form-control-wrap\" data-name=\"text-767\"><input size=\"40\" class=\"wpcf7-form-control wpcf7-text wpcf7-validates-as-required\" aria-required=\"true\" aria-invalid=\"false\" placeholder=\"Nome\" value=\"\" type=\"text\" name=\"text-767\" \/><\/span>\n\t\t<\/p>\n\t<\/div>\n\t<div class=\"large-6 columns\">\n\t\t<p><span class=\"wpcf7-form-control-wrap\" data-name=\"telefone\"><input class=\"wpcf7-form-control wpcf7-number wpcf7-validates-as-number\" aria-invalid=\"false\" placeholder=\"Telefone\" value=\"\" type=\"number\" name=\"telefone\" \/><\/span>\n\t\t<\/p>\n\t<\/div>\n\t<div class=\"large-6 columns\">\n\t\t<p><span class=\"wpcf7-form-control-wrap\" data-name=\"text-767\"><input size=\"40\" class=\"wpcf7-form-control wpcf7-text wpcf7-validates-as-required\" aria-required=\"true\" aria-invalid=\"false\" placeholder=\"Your email\" value=\"\" type=\"text\" name=\"text-767\" \/><\/span>\n\t\t<\/p>\n\t<\/div>\n\t<div class=\"large-12 columns\">\n\t\t<p><button type=\"submit\" class=\"contact-form-btn\">Enviar<\/button>\n\t\t<\/p>\n\t<\/div>\n<\/div><p style=\"display: none !important;\"><label>\u0394<textarea name=\"_wpcf7_ak_hp_textarea\" cols=\"45\" rows=\"8\" maxlength=\"100\"><\/textarea><\/label><input type=\"hidden\" id=\"ak_js_1\" name=\"_wpcf7_ak_js\" value=\"38\"\/><script>document.getElementById( \"ak_js_1\" ).setAttribute( \"value\", ( new Date() ).getTime() );<\/script><\/p><div class=\"wpcf7-response-output\" aria-hidden=\"true\"><\/div>\n<\/form>\n<\/div>\n<\/div><\/div><\/div><div class=\"vc_row-full-width vc_clearfix\"><\/div><div data-vc-full-width=\"true\" data-vc-full-width-init=\"false\" class=\"vc_row wpb_row vc_row-fluid vc_custom_1653486064099 vc_row-has-fill vc_column-gap-35\"><div class=\"wpb_column vc_column_container vc_col-sm-12\" data-equalizer-watch><div class=\"wpb_wrapper\">\r\r\r\r\r<div class=\"revaldak_empty_space\" data-heightmobile=\"20\" data-heighttablet=\"40\" data-heightdesktop=\"70\">\r\r\r\r<\/div>\r\r      \r\r\r\r\r\r\r\r        \r\r      \r\r    <\/div><\/div><\/div><div class=\"vc_row-full-width vc_clearfix\"><\/div>\n","protected":false},"excerpt":{"rendered":"Habilitados para produ\u00e7\u00e3o publicidade em todo o tipo de suportes: Os nossos equipamentos de \u00faltima gera\u00e7\u00e3o permitem trabalhar com os mais diversos materiais, em grandes quantidades e com elevada qualidade e rapidez. Criamos desde um simples logotipo at\u00e9 a campanha publicit\u00e1ria do seu neg\u00f3cio, tudo de maneira integrada resultando na divulga\u00e7\u00e3o da sua empresa e [...]","protected":false},"author":1,"featured_media":0,"parent":0,"menu_order":0,"comment_status":"closed","ping_status":"closed","template":"","meta":{"footnotes":""},"class_list":["post-22","page","type-page","status-publish","hentry"],"_links":{"self":[{"href":"https:\/\/nexuspublicidade.pt\/index.php\/wp-json\/wp\/v2\/pages\/22","targetHints":{"allow":["GET"]}}],"collection":[{"href":"https:\/\/nexuspublicidade.pt\/index.php\/wp-json\/wp\/v2\/pages"}],"about":[{"href":"https:\/\/nexuspublicidade.pt\/index.php\/wp-json\/wp\/v2\/types\/page"}],"author":[{"embeddable":true,"href":"https:\/\/nexuspublicidade.pt\/index.php\/wp-json\/wp\/v2\/users\/1"}],"replies":[{"embeddable":true,"href":"https:\/\/nexuspublicidade.pt\/index.php\/wp-json\/wp\/v2\/comments?post=22"}],"version-history":[{"count":16,"href":"https:\/\/nexuspublicidade.pt\/index.php\/wp-json\/wp\/v2\/pages\/22\/revisions"}],"predecessor-version":[{"id":3323,"href":"https:\/\/nexuspublicidade.pt\/index.php\/wp-json\/wp\/v2\/pages\/22\/revisions\/3323"}],"wp:attachment":[{"href":"https:\/\/nexuspublicidade.pt\/index.php\/wp-json\/wp\/v2\/media?parent=22"}],"curies":[{"name":"wp","href":"https:\/\/api.w.org\/{rel}","templated":true}]}}